{"id":11,"date":"2021-07-01T09:22:41","date_gmt":"2021-07-01T09:22:41","guid":{"rendered":"http:\/\/www.tradycja-swidnica.org.pl\/?page_id=11"},"modified":"2023-07-19T07:05:48","modified_gmt":"2023-07-19T07:05:48","slug":"kontakt","status":"publish","type":"page","link":"http:\/\/www.tradycja-swidnica.org.pl\/index.php\/kontakt\/","title":{"rendered":"Kontakt"},"content":{"rendered":"\r\n<p>ks. dr Julian Nasta\u0142ek<\/p>\r\n<p>Parafia pw. \u015bw. Wawrzy\u0144ca<\/p>\r\n<p>58-124 \u015amia\u0142owice 32<\/p>\r\n\r\n\r\n\r\n<p>e-mail: xjnastalek@gmail.com<\/p>\r\n<p>tel. parafialny: 729 850 828<\/p>\r\n","protected":false},"excerpt":{"rendered":"<p>ks. dr Julian Nasta\u0142ek Parafia pw. \u015bw. Wawrzy\u0144ca 58-124 \u015amia\u0142owice 32 e-mail: xjnastalek@gmail.com tel. parafialny: 729 850 828<\/p>\n","protected":false},"author":1,"featured_media":89,"parent":0,"menu_order":0,"comment_status":"closed","ping_status":"closed","template":"","meta":{"footnotes":""},"class_list":["post-11","page","type-page","status-publish","has-post-thumbnail","hentry"],"_links":{"self":[{"href":"http:\/\/www.tradycja-swidnica.org.pl\/index.php\/wp-json\/wp\/v2\/pages\/11","targetHints":{"allow":["GET"]}}],"collection":[{"href":"http:\/\/www.tradycja-swidnica.org.pl\/index.php\/wp-json\/wp\/v2\/pages"}],"about":[{"href":"http:\/\/www.tradycja-swidnica.org.pl\/index.php\/wp-json\/wp\/v2\/types\/page"}],"author":[{"embeddable":true,"href":"http:\/\/www.tradycja-swidnica.org.pl\/index.php\/wp-json\/wp\/v2\/users\/1"}],"replies":[{"embeddable":true,"href":"http:\/\/www.tradycja-swidnica.org.pl\/index.php\/wp-json\/wp\/v2\/comments?post=11"}],"version-history":[{"count":6,"href":"http:\/\/www.tradycja-swidnica.org.pl\/index.php\/wp-json\/wp\/v2\/pages\/11\/revisions"}],"predecessor-version":[{"id":629,"href":"http:\/\/www.tradycja-swidnica.org.pl\/index.php\/wp-json\/wp\/v2\/pages\/11\/revisions\/629"}],"wp:featuredmedia":[{"embeddable":true,"href":"http:\/\/www.tradycja-swidnica.org.pl\/index.php\/wp-json\/wp\/v2\/media\/89"}],"wp:attachment":[{"href":"http:\/\/www.tradycja-swidnica.org.pl\/index.php\/wp-json\/wp\/v2\/media?parent=11"}],"curies":[{"name":"wp","href":"https:\/\/api.w.org\/{rel}","templated":true}]}}